{"id":198303,"date":"2024-07-18T09:58:20","date_gmt":"2024-07-18T09:58:20","guid":{"rendered":"https:\/\/luxhouses-experience.com\/?page_id=198303"},"modified":"2024-07-18T10:05:10","modified_gmt":"2024-07-18T10:05:10","slug":"terms","status":"publish","type":"page","link":"https:\/\/luxhouses-experience.com\/fr\/terms\/","title":{"rendered":"Termes et conditions"},"content":{"rendered":"<div data-elementor-type=\"wp-page\" data-elementor-id=\"198303\" class=\"elementor elementor-198303\" data-elementor-post-type=\"page\">\n\t\t\t\t\t\t<section class=\"elementor-section elementor-top-section elementor-element elementor-element-bc13c8b elementor-section-boxed elementor-section-height-default elementor-section-height-default\" data-id=\"bc13c8b\" data-element_type=\"section\" data-e-type=\"section\" data-settings=\"{&quot;jet_parallax_layout_list&quot;:[]}\">\n\t\t\t\t\t\t<div class=\"elementor-container elementor-column-gap-default\">\n\t\t\t\t\t<div class=\"elementor-column elementor-col-100 elementor-top-column elementor-element elementor-element-bbd65b5\" data-id=\"bbd65b5\" data-element_type=\"column\" data-e-type=\"column\">\n\t\t\t<div class=\"elementor-widget-wrap elementor-element-populated\">\n\t\t\t\t\t\t<div class=\"elementor-element elementor-element-02db880 elementor-widget elementor-widget-heading\" data-id=\"02db880\" data-element_type=\"widget\" data-e-type=\"widget\" data-widget_type=\"heading.default\">\n\t\t\t\t<div class=\"elementor-widget-container\">\n\t\t\t\t\t<h1 class=\"elementor-heading-title elementor-size-default\">Termes et conditions<\/h1>\t\t\t\t<\/div>\n\t\t\t\t<\/div>\n\t\t\t\t<div class=\"elementor-element elementor-element-7d4a02d elementor-widget elementor-widget-heading\" data-id=\"7d4a02d\" data-element_type=\"widget\" data-e-type=\"widget\" data-widget_type=\"heading.default\">\n\t\t\t\t<div class=\"elementor-widget-container\">\n\t\t\t\t\t<h2 class=\"elementor-heading-title elementor-size-default\">Conditions g\u00e9n\u00e9rales d&#039;h\u00e9bergement<\/h2>\t\t\t\t<\/div>\n\t\t\t\t<\/div>\n\t\t\t\t<div class=\"elementor-element elementor-element-73e457f elementor-widget elementor-widget-text-editor\" data-id=\"73e457f\" data-element_type=\"widget\" data-e-type=\"widget\" data-widget_type=\"text-editor.default\">\n\t\t\t\t<div class=\"elementor-widget-container\">\n\t\t\t\t\t\t\t\t\t<ol>\n<li>L&#039;invit\u00e9 s&#039;engage \u00e0 respecter toutes les r\u00e8gles et r\u00e9glementations \u00e9nonc\u00e9es par les lois locales.<\/li>\n<li>L&#039;invit\u00e9 doit se comporter de mani\u00e8re respectueuse et doit \u00eatre de bons voisins dans le respect des droits des propri\u00e9taires environnants. La cr\u00e9ation d\u2019une perturbation de la nature ci-dessus constituera un motif de r\u00e9siliation imm\u00e9diate du pr\u00e9sent accord.<\/li>\n<li>\u00a0L&#039;invit\u00e9 s&#039;engage \u00e0 ne pas utiliser la propri\u00e9t\u00e9 \u00e0 des fins ill\u00e9gales ou commerciales, y compris, mais sans s&#039;y limiter, pour sous-louer la propri\u00e9t\u00e9 ou permettre \u00e0 une ou plusieurs personnes de s\u00e9journer au-dessus du maximum autoris\u00e9 ou si cela n&#039;a pas \u00e9t\u00e9 pr\u00e9alablement convenu avec le propri\u00e9taire.<\/li>\n<li>Le client est responsable de tous les frais de casse ou de dommages (ou frais connexes) dans ou \u00e0 la propri\u00e9t\u00e9 \u2013 ainsi que de tous les frais suppl\u00e9mentaires qui pourraient en r\u00e9sulter \u2013 qui sont caus\u00e9s par le client ou tout membre de son groupe.<\/li>\n<li>Le propri\u00e9taire peut refuser d&#039;autoriser l&#039;invit\u00e9 \u00e0 entrer dans la propri\u00e9t\u00e9 ou demander \u00e0 l&#039;invit\u00e9 de partir s&#039;il croit raisonnablement que l&#039;invit\u00e9 ou tout membre de son groupe (ou toute autre personne invit\u00e9e par l&#039;invit\u00e9 dans la propri\u00e9t\u00e9) se comporte ill\u00e9galement ou que tout dommage est susceptible d&#039;\u00eatre caus\u00e9, a \u00e9t\u00e9 caus\u00e9 ou est caus\u00e9 par le comportement du voyageur ou de tout membre que le voyageur a invit\u00e9 dans la propri\u00e9t\u00e9 et sans fournir de remboursement de tout paiement que le voyageur a pay\u00e9 pour la r\u00e9servation et le propri\u00e9taire ne le fera pas. \u00eatre l\u00e9galement responsable de trouver un logement alternatif.<\/li>\n<li>Le stationnement est limit\u00e9 aux propri\u00e9t\u00e9s d\u00e9sign\u00e9es uniquement.<\/li>\n<li>L&#039;invit\u00e9 ne doit pas organiser d&#039;\u00e9v\u00e9nements (tels que f\u00eates, c\u00e9l\u00e9brations ou r\u00e9unions) dans la propri\u00e9t\u00e9 sans le consentement \u00e9crit pr\u00e9alable du propri\u00e9taire. Chacun de ces cas permettra au Propri\u00e9taire de r\u00e9silier le Contrat sans rembourser tout paiement que le Client a pay\u00e9 pour la r\u00e9servation et le Propri\u00e9taire ne sera pas l\u00e9galement responsable de trouver un h\u00e9bergement alternatif.<\/li>\n<li>Le voyageur doit permettre au propri\u00e9taire ou \u00e0 son repr\u00e9sentant (y compris les ouvriers), avec un pr\u00e9avis raisonnable, d&#039;acc\u00e9der \u00e0 la propri\u00e9t\u00e9 \u00e0 tout moment raisonnable pendant votre s\u00e9jour (sauf en cas d&#039;urgence ou si un probl\u00e8me doit \u00eatre r\u00e9solu rapidement et que vous ne pouvez pas \u00eatre contact\u00e9 \u00e0 temps. Dans ces situations, le propri\u00e9taire peut entrer dans la propri\u00e9t\u00e9 \u00e0 tout moment sans vous en avertir au pr\u00e9alable).<\/li>\n<li>Le client est tenu de n&#039;apporter aucune modification \u00e0 la propri\u00e9t\u00e9 lou\u00e9e sans avoir re\u00e7u au pr\u00e9alable l&#039;accord \u00e9crit du propri\u00e9taire.<\/li>\n<li>En acceptant les pr\u00e9sentes conditions g\u00e9n\u00e9rales, comme reconnu par la signature ci-dessous, le voyageur renonce, d\u00e9charge et accepte de tenir le propri\u00e9taire indemne de tous les dommages ou blessures d\u00e9coulant de ou li\u00e9s au s\u00e9jour du voyageur dans la propri\u00e9t\u00e9, y compris, sans limitation, tout accident ou blessure \u00e0 l&#039;Invit\u00e9, les visiteurs et associ\u00e9s de l&#039;Invit\u00e9, ainsi que la perte d&#039;argent, de bijoux ou d&#039;objets de valeur de toute nature. Le client est responsable de garder ses objets de valeur en s\u00e9curit\u00e9 \u00e0 tout moment.<\/li>\n<\/ol>\n<p>Les politiques suppl\u00e9mentaires telles que les tarifs et les frais, l&#039;heure d&#039;arriv\u00e9e et de d\u00e9part, les annulations, le s\u00e9jour minimum, le tabagisme, les animaux domestiques, le nombre maximum de personnes autoris\u00e9es, les enfants et l&#039;\u00e2ge, le d\u00e9p\u00f4t de garantie, etc. seront conformes aux r\u00e8gles de la maison ou aux politiques de r\u00e9servation fournies. par le Propri\u00e9taire dans cette d\u00e9claration.<\/p>\n<p>Tarifs et frais\u00a0:<\/p>\n<ul>\n<li>Location du bien de r\u00e9f\u00e9rence pour la p\u00e9riode contract\u00e9e.<\/li>\n<li>La propri\u00e9t\u00e9 est \u00e9quip\u00e9e et meubl\u00e9e telle qu&#039;elle appara\u00eet dans la description web (n&#039;inclut pas la taxe de s\u00e9jour locale).<\/li>\n<li>Draps de lit et serviettes de douche, ainsi qu&#039;un service Wi-Fi dans la propri\u00e9t\u00e9.<\/li>\n<li>Deux jeux de cl\u00e9s complets, \u00e0 restituer le jour du d\u00e9part.<\/li>\n<li>L&#039;enregistrement tardif apr\u00e8s 22h00 entra\u00eenera des frais de 50\u00a0\u20ac \u00e0 payer \u00e0 l&#039;arriv\u00e9e.<\/li>\n<\/ul>\n<p>Conditions de paiement et d&#039;annulation\u00a0:<\/p>\n<ul>\n<li>Les r\u00e9servations effectu\u00e9es via notre site Web www.luxhouses-experience.com ou les r\u00e9servations directes s&#039;appliqueront aux conditions d&#039;annulation suivantes\u00a0:<\/li>\n<li>50% du montant total doit \u00eatre pay\u00e9 au moment de la r\u00e9servation ; les 50% restants seront pay\u00e9s 30 jours avant l&#039;arriv\u00e9e.<\/li>\n<li>Si la r\u00e9servation est annul\u00e9e avant 30 jours ou plus, il n&#039;y aura pas de frais d&#039;annulation et un remboursement sera effectu\u00e9.<\/li>\n<li>Si la r\u00e9servation est annul\u00e9e dans les 30 jours ou moins, les frais d&#039;annulation s&#039;\u00e9l\u00e8veront \u00e0 100% du montant total.<\/li>\n<li>Il n\u2019y aura aucun remboursement en cas de No Show ou en cas de d\u00e9part anticip\u00e9.<\/li>\n<li>Les r\u00e9servations effectu\u00e9es directement via des plateformes de r\u00e9servation telles que booking.com, Vrbo, Airbnb, Holidu, Travelstation &amp; Hometogo, sont soumises aux politiques d&#039;annulation \u00e9tablies par chacun de ces portails.<\/li>\n<\/ul>\n<p>G\u00e9n\u00e9ral:<\/p>\n<ul>\n<li>Tout changement et\/ou ajout au pr\u00e9sent accord, au r\u00e8glement int\u00e9rieur et \u00e0 la politique de r\u00e9servation ne sera valable que s&#039;il est effectu\u00e9 par \u00e9crit et que toutes les parties l&#039;ont sign\u00e9.<\/li>\n<li>Toute annonce adress\u00e9e \u00e0 l&#039;une des parties par l&#039;autre par courrier recommand\u00e9 conform\u00e9ment \u00e0 l&#039;adresse pr\u00e9cise inscrite en introduction du pr\u00e9sent contrat sera prise en compte si elle est re\u00e7ue 96 heures apr\u00e8s son envoi depuis la poste.<\/li>\n<li>Le pr\u00e9sent accord (y compris tout r\u00e8glement int\u00e9rieur ou politique de r\u00e9servation) exprime et refl\u00e8te tout ce qui a \u00e9t\u00e9 convenu entre les parties et annule tout accord et\/ou autre accord entre elles.<\/li>\n<\/ul>\t\t\t\t\t\t\t\t<\/div>\n\t\t\t\t<\/div>\n\t\t\t\t\t<\/div>\n\t\t<\/div>\n\t\t\t\t\t<\/div>\n\t\t<\/section>\n\t\t\t\t<\/div>","protected":false},"excerpt":{"rendered":"<p>Terms and Conditions Accommodation Terms &#038; Conditions The Guest agrees to abide by all rules and regulations set forth by local laws. The Guest shall behave in a respectful manner and shall be good neighbors respecting the rights of the surrounding property owners. Creating a disturbance of the above nature shall be grounds for immediate [&hellip;]<\/p>\n","protected":false},"author":2,"featured_media":0,"parent":0,"menu_order":0,"comment_status":"closed","ping_status":"closed","template":"","meta":{"_acf_changed":false,"footnotes":""},"class_list":["post-198303","page","type-page","status-publish","hentry"],"acf":[],"_links":{"self":[{"href":"https:\/\/luxhouses-experience.com\/fr\/wp-json\/wp\/v2\/pages\/198303","targetHints":{"allow":["GET"]}}],"collection":[{"href":"https:\/\/luxhouses-experience.com\/fr\/wp-json\/wp\/v2\/pages"}],"about":[{"href":"https:\/\/luxhouses-experience.com\/fr\/wp-json\/wp\/v2\/types\/page"}],"author":[{"embeddable":true,"href":"https:\/\/luxhouses-experience.com\/fr\/wp-json\/wp\/v2\/users\/2"}],"replies":[{"embeddable":true,"href":"https:\/\/luxhouses-experience.com\/fr\/wp-json\/wp\/v2\/comments?post=198303"}],"version-history":[{"count":6,"href":"https:\/\/luxhouses-experience.com\/fr\/wp-json\/wp\/v2\/pages\/198303\/revisions"}],"predecessor-version":[{"id":198321,"href":"https:\/\/luxhouses-experience.com\/fr\/wp-json\/wp\/v2\/pages\/198303\/revisions\/198321"}],"wp:attachment":[{"href":"https:\/\/luxhouses-experience.com\/fr\/wp-json\/wp\/v2\/media?parent=198303"}],"curies":[{"name":"wp","href":"https:\/\/api.w.org\/{rel}","templated":true}]}}