{"id":198303,"date":"2024-07-18T09:58:20","date_gmt":"2024-07-18T09:58:20","guid":{"rendered":"https:\/\/luxhouses-experience.com\/?page_id=198303"},"modified":"2024-07-18T10:05:10","modified_gmt":"2024-07-18T10:05:10","slug":"terms","status":"publish","type":"page","link":"https:\/\/luxhouses-experience.com\/es\/terms\/","title":{"rendered":"T\u00e9rminos y condiciones"},"content":{"rendered":"<div data-elementor-type=\"wp-page\" data-elementor-id=\"198303\" class=\"elementor elementor-198303\" data-elementor-post-type=\"page\">\n\t\t\t\t\t\t<section class=\"elementor-section elementor-top-section elementor-element elementor-element-bc13c8b elementor-section-boxed elementor-section-height-default elementor-section-height-default\" data-id=\"bc13c8b\" data-element_type=\"section\" data-e-type=\"section\" data-settings=\"{&quot;jet_parallax_layout_list&quot;:[]}\">\n\t\t\t\t\t\t<div class=\"elementor-container elementor-column-gap-default\">\n\t\t\t\t\t<div class=\"elementor-column elementor-col-100 elementor-top-column elementor-element elementor-element-bbd65b5\" data-id=\"bbd65b5\" data-element_type=\"column\" data-e-type=\"column\">\n\t\t\t<div class=\"elementor-widget-wrap elementor-element-populated\">\n\t\t\t\t\t\t<div class=\"elementor-element elementor-element-02db880 elementor-widget elementor-widget-heading\" data-id=\"02db880\" data-element_type=\"widget\" data-e-type=\"widget\" data-widget_type=\"heading.default\">\n\t\t\t\t<div class=\"elementor-widget-container\">\n\t\t\t\t\t<h1 class=\"elementor-heading-title elementor-size-default\">T\u00e9rminos y condiciones<\/h1>\t\t\t\t<\/div>\n\t\t\t\t<\/div>\n\t\t\t\t<div class=\"elementor-element elementor-element-7d4a02d elementor-widget elementor-widget-heading\" data-id=\"7d4a02d\" data-element_type=\"widget\" data-e-type=\"widget\" data-widget_type=\"heading.default\">\n\t\t\t\t<div class=\"elementor-widget-container\">\n\t\t\t\t\t<h2 class=\"elementor-heading-title elementor-size-default\">Condiciones de alojamiento<\/h2>\t\t\t\t<\/div>\n\t\t\t\t<\/div>\n\t\t\t\t<div class=\"elementor-element elementor-element-73e457f elementor-widget elementor-widget-text-editor\" data-id=\"73e457f\" data-element_type=\"widget\" data-e-type=\"widget\" data-widget_type=\"text-editor.default\">\n\t\t\t\t<div class=\"elementor-widget-container\">\n\t\t\t\t\t\t\t\t\t<ol>\n<li>El Hu\u00e9sped acepta cumplir con todas las reglas y regulaciones establecidas por las leyes locales.<\/li>\n<li>El Hu\u00e9sped deber\u00e1 comportarse de manera respetuosa y ser buenos vecinos respetando los derechos de los propietarios de las propiedades circundantes. La creaci\u00f3n de una perturbaci\u00f3n de la naturaleza anterior ser\u00e1 motivo de terminaci\u00f3n inmediata de este acuerdo.<\/li>\n<li>\u00a0El Hu\u00e9sped se compromete a no utilizar la propiedad para ning\u00fan prop\u00f3sito ilegal o comercial, incluido, entre otros, subarrendar la propiedad o permitir que una o m\u00e1s personas se queden por encima del m\u00e1ximo permitido o si no se ha acordado previamente con el Propietario.<\/li>\n<li>El Invitado es responsable de cualquier costo de rotura o da\u00f1o (o costos relacionados) en o hacia la propiedad, junto con cualquier costo adicional que pueda resultar, que sean causados por el Invitado o cualquier miembro del grupo del Invitado.<\/li>\n<li>El Propietario puede negarse a permitir que el Hu\u00e9sped ingrese a la propiedad o pedirle que se vaya si cree razonablemente que el Hu\u00e9sped o cualquier miembro del grupo del Hu\u00e9sped (o cualquier otra persona invitada por el Hu\u00e9sped a la propiedad) se est\u00e1 comportando ilegalmente o que se ha producido alg\u00fan da\u00f1o. es probable que sea causado, haya sido causado o est\u00e9 siendo causado como resultado del comportamiento del Hu\u00e9sped o de cualquier miembro que el Hu\u00e9sped haya invitado a la propiedad y sin proporcionar un reembolso de ning\u00fan pago que el Hu\u00e9sped haya pagado por la reserva y el Propietario no ser\u00e1 legalmente responsable de encontrar cualquier alojamiento alternativo.<\/li>\n<li>El estacionamiento est\u00e1 limitado \u00fanicamente a propiedades designadas.<\/li>\n<li>El Hu\u00e9sped no debe realizar eventos (como fiestas, celebraciones o reuniones) en la propiedad sin el consentimiento previo por escrito del Propietario. Cualquiera de estos casos permitir\u00e1 al Propietario rescindir el Acuerdo sin reembolsar ning\u00fan pago que el Hu\u00e9sped haya realizado por la reserva y el Propietario no ser\u00e1 legalmente responsable de encontrar ning\u00fan alojamiento alternativo.<\/li>\n<li>El Hu\u00e9sped debe permitir que el Propietario o su representante (incluidos los trabajadores), con un aviso razonable, acceda a la propiedad en cualquier momento razonable durante su estad\u00eda (excepto en caso de emergencia o si es necesario resolver un problema r\u00e1pidamente y no podemos comunicarnos con usted a tiempo). En estas situaciones, el propietario puede entrar a la propiedad en cualquier momento sin previo aviso).<\/li>\n<li>El Hu\u00e9sped est\u00e1 obligado a no realizar ning\u00fan cambio en la propiedad alquilada sin recibir previamente el consentimiento por escrito del Propietario.<\/li>\n<li>Al aceptar estos T\u00e9rminos y condiciones, como se reconoce mediante la firma a continuaci\u00f3n, el Hu\u00e9sped renuncia, libera y acepta eximir de responsabilidad al Propietario de todos los da\u00f1os o lesiones que surjan o est\u00e9n relacionados con la estad\u00eda del Hu\u00e9sped en la Propiedad, incluidos, entre otros, cualquier accidente o lesi\u00f3n a el Invitado, los visitantes y asociados del Invitado, y la p\u00e9rdida de dinero, joyas u objetos de valor de cualquier tipo. El Hu\u00e9sped es responsable de mantener seguros sus objetos de valor en todo momento.<\/li>\n<\/ol>\n<p>Las pol\u00edticas adicionales, como tarifas y cargos, hora de entrada y salida, cancelaciones, estad\u00eda m\u00ednima, fumar, mascotas, n\u00famero m\u00e1ximo de invitados permitidos, ni\u00f1os y edades, dep\u00f3sito de seguridad, etc., estar\u00e1n de acuerdo con las reglas de la casa o las pol\u00edticas de reserva que se proporcionen. por el Propietario en esta declaraci\u00f3n.<\/p>\n<p>Tarifas y tarifas:<\/p>\n<ul>\n<li>Alquiler del inmueble de referencia durante el periodo contratado.<\/li>\n<li>La propiedad est\u00e1 equipada y amueblada tal y como aparece en la descripci\u00f3n web (no incluye la tasa tur\u00edstica local).<\/li>\n<li>Ropa de cama y toallas de ducha, as\u00ed como servicio de wifi en la propiedad.<\/li>\n<li>Dos juegos completos de llaves, que deber\u00e1n devolverse el d\u00eda de la salida.<\/li>\n<li>El late check in despu\u00e9s de las 22:00 horas se producir\u00e1 con un suplemento de 50\u20ac a pagar a la llegada.<\/li>\n<\/ul>\n<p>Pol\u00edtica de pago y cancelaci\u00f3n:<\/p>\n<ul>\n<li>Las reservas realizadas a trav\u00e9s de nuestra web www.luxhouses-experience.com o reservas directas se aplicar\u00e1n la siguiente pol\u00edtica de cancelaci\u00f3n:<\/li>\n<li>50% del importe total deber\u00e1 abonarse en el momento de la reserva; los 50% restantes se pagar\u00e1n 30 d\u00edas antes de la llegada.<\/li>\n<li>Si la reserva se cancela antes de 30 d\u00edas o m\u00e1s, no habr\u00e1 ning\u00fan cargo de cancelaci\u00f3n y se emitir\u00e1 un reembolso.<\/li>\n<li>Si la reserva se cancela dentro de los 30 d\u00edas o menos, los gastos de cancelaci\u00f3n ser\u00e1n 100% del importe total.<\/li>\n<li>No habr\u00e1 reembolso en caso de No Show o en caso de salida anticipada.<\/li>\n<li>Las reservas realizadas directamente a trav\u00e9s de plataformas de reservas como booking.com, Vrbo, Airbnb, Holidu, Travelstation &amp; Hometogo, estar\u00e1n sujetas a las pol\u00edticas de cancelaci\u00f3n establecidas por cada uno de estos portales.<\/li>\n<\/ul>\n<p>General:<\/p>\n<ul>\n<li>Cualquier cambio y\/o adici\u00f3n a este Acuerdo, reglas de la casa y Pol\u00edtica de reserva ser\u00e1 v\u00e1lido solo si se realiza por escrito y todas las partes lo han firmado.<\/li>\n<li>Cualquier anuncio enviado a cualquiera de las partes por la otra parte por correo certificado de acuerdo con la direcci\u00f3n precisa escrita en la introducci\u00f3n de este contrato se considerar\u00e1 recibido despu\u00e9s de 96 horas desde el momento de su env\u00edo desde la oficina de correos.<\/li>\n<li>Este Acuerdo (incluidas las reglas de la Casa o la pol\u00edtica de Reservas) expresa y refleja todo lo acordado entre las partes y cancela cualquier acuerdo y\/u otros entendimientos entre ellas.<\/li>\n<\/ul>\t\t\t\t\t\t\t\t<\/div>\n\t\t\t\t<\/div>\n\t\t\t\t\t<\/div>\n\t\t<\/div>\n\t\t\t\t\t<\/div>\n\t\t<\/section>\n\t\t\t\t<\/div>","protected":false},"excerpt":{"rendered":"<p>Terms and Conditions Accommodation Terms &#038; Conditions The Guest agrees to abide by all rules and regulations set forth by local laws. The Guest shall behave in a respectful manner and shall be good neighbors respecting the rights of the surrounding property owners. Creating a disturbance of the above nature shall be grounds for immediate [&hellip;]<\/p>\n","protected":false},"author":2,"featured_media":0,"parent":0,"menu_order":0,"comment_status":"closed","ping_status":"closed","template":"","meta":{"_acf_changed":false,"footnotes":""},"class_list":["post-198303","page","type-page","status-publish","hentry"],"acf":[],"_links":{"self":[{"href":"https:\/\/luxhouses-experience.com\/es\/wp-json\/wp\/v2\/pages\/198303","targetHints":{"allow":["GET"]}}],"collection":[{"href":"https:\/\/luxhouses-experience.com\/es\/wp-json\/wp\/v2\/pages"}],"about":[{"href":"https:\/\/luxhouses-experience.com\/es\/wp-json\/wp\/v2\/types\/page"}],"author":[{"embeddable":true,"href":"https:\/\/luxhouses-experience.com\/es\/wp-json\/wp\/v2\/users\/2"}],"replies":[{"embeddable":true,"href":"https:\/\/luxhouses-experience.com\/es\/wp-json\/wp\/v2\/comments?post=198303"}],"version-history":[{"count":6,"href":"https:\/\/luxhouses-experience.com\/es\/wp-json\/wp\/v2\/pages\/198303\/revisions"}],"predecessor-version":[{"id":198321,"href":"https:\/\/luxhouses-experience.com\/es\/wp-json\/wp\/v2\/pages\/198303\/revisions\/198321"}],"wp:attachment":[{"href":"https:\/\/luxhouses-experience.com\/es\/wp-json\/wp\/v2\/media?parent=198303"}],"curies":[{"name":"wp","href":"https:\/\/api.w.org\/{rel}","templated":true}]}}