{"id":198303,"date":"2024-07-18T09:58:20","date_gmt":"2024-07-18T09:58:20","guid":{"rendered":"https:\/\/luxhouses-experience.com\/?page_id=198303"},"modified":"2024-07-18T10:05:10","modified_gmt":"2024-07-18T10:05:10","slug":"terms","status":"publish","type":"page","link":"https:\/\/luxhouses-experience.com\/de\/terms\/","title":{"rendered":"Gesch\u00e4ftsbedingungen"},"content":{"rendered":"<div data-elementor-type=\"wp-page\" data-elementor-id=\"198303\" class=\"elementor elementor-198303\" data-elementor-post-type=\"page\">\n\t\t\t\t\t\t<section class=\"elementor-section elementor-top-section elementor-element elementor-element-bc13c8b elementor-section-boxed elementor-section-height-default elementor-section-height-default\" data-id=\"bc13c8b\" data-element_type=\"section\" data-e-type=\"section\" data-settings=\"{&quot;jet_parallax_layout_list&quot;:[]}\">\n\t\t\t\t\t\t<div class=\"elementor-container elementor-column-gap-default\">\n\t\t\t\t\t<div class=\"elementor-column elementor-col-100 elementor-top-column elementor-element elementor-element-bbd65b5\" data-id=\"bbd65b5\" data-element_type=\"column\" data-e-type=\"column\">\n\t\t\t<div class=\"elementor-widget-wrap elementor-element-populated\">\n\t\t\t\t\t\t<div class=\"elementor-element elementor-element-02db880 elementor-widget elementor-widget-heading\" data-id=\"02db880\" data-element_type=\"widget\" data-e-type=\"widget\" data-widget_type=\"heading.default\">\n\t\t\t\t<div class=\"elementor-widget-container\">\n\t\t\t\t\t<h1 class=\"elementor-heading-title elementor-size-default\">Gesch\u00e4ftsbedingungen<\/h1>\t\t\t\t<\/div>\n\t\t\t\t<\/div>\n\t\t\t\t<div class=\"elementor-element elementor-element-7d4a02d elementor-widget elementor-widget-heading\" data-id=\"7d4a02d\" data-element_type=\"widget\" data-e-type=\"widget\" data-widget_type=\"heading.default\">\n\t\t\t\t<div class=\"elementor-widget-container\">\n\t\t\t\t\t<h2 class=\"elementor-heading-title elementor-size-default\">Allgemeine Gesch\u00e4ftsbedingungen f\u00fcr die Unterkunft<\/h2>\t\t\t\t<\/div>\n\t\t\t\t<\/div>\n\t\t\t\t<div class=\"elementor-element elementor-element-73e457f elementor-widget elementor-widget-text-editor\" data-id=\"73e457f\" data-element_type=\"widget\" data-e-type=\"widget\" data-widget_type=\"text-editor.default\">\n\t\t\t\t<div class=\"elementor-widget-container\">\n\t\t\t\t\t\t\t\t\t<ol>\n<li>Der Gast verpflichtet sich, alle Regeln und Vorschriften der \u00f6rtlichen Gesetze einzuhalten.<\/li>\n<li>Der Gast verh\u00e4lt sich respektvoll und ist ein guter Nachbar, der die Rechte der umliegenden Grundst\u00fcckseigent\u00fcmer respektiert. Eine St\u00f6rung der oben genannten Art ist ein Grund f\u00fcr die sofortige K\u00fcndigung dieser Vereinbarung.<\/li>\n<li>\u00a0Der Gast verpflichtet sich, die Immobilie nicht f\u00fcr illegale oder kommerzielle Zwecke zu nutzen, einschlie\u00dflich, aber nicht beschr\u00e4nkt auf die Untervermietung der Immobilie oder die anderweitige Erm\u00f6glichung des Aufenthalts einer oder mehrerer Personen \u00fcber die zul\u00e4ssige Maximalzahl hinaus oder sofern dies nicht zuvor mit dem Eigent\u00fcmer vereinbart wurde.<\/li>\n<li>Der Gast ist f\u00fcr s\u00e4mtliche Bruch- oder Schadenskosten (oder damit verbundene Kosten) in oder an der Immobilie \u2013 zusammen mit s\u00e4mtlichen zus\u00e4tzlichen Kosten, die dadurch entstehen \u2013 verantwortlich, die durch den Gast oder Mitglieder seiner Gruppe verursacht werden.<\/li>\n<li>Der Eigent\u00fcmer kann dem Gast den Zutritt zur Unterkunft verweigern oder ihn zum Verlassen der Unterkunft auffordern, wenn er Grund zu der Annahme hat, dass sich der Gast oder ein Mitglied seiner Gruppe (oder eine andere vom Gast zur Unterkunft eingeladene Person) illegal verh\u00e4lt oder dass durch das Verhalten des Gastes oder der vom Gast zur Unterkunft eingeladenen Mitglieder wahrscheinlich Sch\u00e4den entstehen, entstanden sind oder entstehen. Er erstattet dem Gast keine Zahlungen, die er f\u00fcr die Buchung geleistet hat. Der Eigent\u00fcmer ist nicht gesetzlich verpflichtet, eine alternative Unterkunft zu finden.<\/li>\n<li>Das Parken ist nur auf daf\u00fcr vorgesehenen Grundst\u00fccken gestattet.<\/li>\n<li>Der Gast darf ohne vorherige schriftliche Zustimmung des Eigent\u00fcmers keine Veranstaltungen (wie Partys, Feiern oder Versammlungen) auf dem Grundst\u00fcck abhalten. In jedem dieser F\u00e4lle kann der Eigent\u00fcmer den Vertrag k\u00fcndigen, ohne eine R\u00fcckerstattung der vom Gast f\u00fcr die Buchung geleisteten Zahlung zu leisten, und der Eigent\u00fcmer ist nicht gesetzlich verpflichtet, eine alternative Unterkunft zu finden.<\/li>\n<li>Der Gast muss dem Eigent\u00fcmer oder seinem Vertreter (einschlie\u00dflich Handwerkern) nach angemessener Vorank\u00fcndigung zu jedem angemessenen Zeitpunkt w\u00e4hrend des Aufenthalts Zugang zum Anwesen gew\u00e4hren (au\u00dfer im Notfall oder wenn ein Problem schnell gel\u00f6st werden muss und Sie nicht rechtzeitig kontaktiert werden k\u00f6nnen. In diesen Situationen kann der Eigent\u00fcmer das Anwesen jederzeit betreten, ohne Sie vorher anzuk\u00fcndigen).<\/li>\n<li>Der Gast ist verpflichtet, ohne vorherige schriftliche Zustimmung des Eigent\u00fcmers keine \u00c4nderungen am Mietobjekt vorzunehmen.<\/li>\n<li>Durch Zustimmung zu diesen Gesch\u00e4ftsbedingungen, die unten durch Unterschrift best\u00e4tigt werden, verzichtet der Gast auf alle Sch\u00e4den oder Verletzungen, die aus dem Aufenthalt des Gastes auf dem Grundst\u00fcck entstehen oder damit in Zusammenhang stehen, und verpflichtet sich, den Eigent\u00fcmer schadlos zu halten. Dies gilt insbesondere f\u00fcr Unf\u00e4lle oder Verletzungen des Gastes, seiner Besucher und Mitarbeiter sowie f\u00fcr den Verlust von Geld, Schmuck oder Wertgegenst\u00e4nden jeglicher Art. Der Gast ist jederzeit f\u00fcr die sichere Aufbewahrung seiner Wertgegenst\u00e4nde verantwortlich.<\/li>\n<\/ol>\n<p>Zus\u00e4tzliche Richtlinien wie Preise und Geb\u00fchren, Check-In-\/Check-Out-Zeiten, Stornierungen, Mindestaufenthaltsdauer, Rauchen, Haustiere, maximal zul\u00e4ssige G\u00e4stezahl, Kinder und Alter, Kaution usw. unterliegen der Hausordnung oder den Reservierungsrichtlinien, die vom Eigent\u00fcmer in dieser Erkl\u00e4rung bereitgestellt werden.<\/p>\n<p>Preise und Geb\u00fchren:<\/p>\n<ul>\n<li>Anmietung des Referenzobjektes f\u00fcr die vereinbarte Laufzeit.<\/li>\n<li>Die Ausstattung und Einrichtung des Objekts entspricht der Beschreibung auf der Website (ohne \u00f6rtliche Kurtaxe).<\/li>\n<li>Bettw\u00e4sche und Duscht\u00fccher sowie WLAN-Service auf dem Grundst\u00fcck.<\/li>\n<li>Zwei komplette Schl\u00fcssels\u00e4tze, welche am Abreisetag zur\u00fcckgegeben werden m\u00fcssen.<\/li>\n<li>F\u00fcr einen sp\u00e4ten Check-in nach 22:00 Uhr f\u00e4llt eine Geb\u00fchr von 50 \u20ac an, die bei der Ankunft zu entrichten ist.<\/li>\n<\/ul>\n<p>Zahlungs- und Stornierungsbedingungen:<\/p>\n<ul>\n<li>F\u00fcr Reservierungen, die \u00fcber unsere Website www.luxhouses-experience.com oder Direktbuchungen vorgenommen werden, gelten die folgenden Stornierungsbedingungen:<\/li>\n<li>501 TP4T des Gesamtbetrags m\u00fcssen zum Zeitpunkt der Buchung bezahlt werden; die restlichen 501 TP4T werden 30 Tage vor der Ankunft bezahlt.<\/li>\n<li>Wenn die Buchung 30 Tage oder mehr im Voraus storniert wird, fallen keine Stornierungsgeb\u00fchren an und es erfolgt eine R\u00fcckerstattung.<\/li>\n<li>Bei einer Stornierung der Buchung innerhalb von 30 Tagen oder weniger betragen die Stornierungsgeb\u00fchren 100% des Gesamtbetrags.<\/li>\n<li>Bei Nichterscheinen oder vorzeitiger Abreise erfolgt keine R\u00fcckerstattung.<\/li>\n<li>F\u00fcr Reservierungen, die direkt \u00fcber Buchungsplattformen wie booking.com, Vrbo, Airbnb, Holidu, Travelstation und Hometogo vorgenommen werden, gelten die Stornierungsbedingungen dieser Portale.<\/li>\n<\/ul>\n<p>Allgemein:<\/p>\n<ul>\n<li>Jede \u00c4nderung und\/oder Erg\u00e4nzung dieser Vereinbarung, der Hausordnung und der Reservierungsbedingungen ist nur g\u00fcltig, wenn sie schriftlich erfolgt und von allen Seiten unterzeichnet ist.<\/li>\n<li>Jede Mitteilung, die von der jeweils anderen Seite per Einschreiben an die in der Einleitung zu diesem Vertrag angegebene genaue Adresse gesandt wird, gilt als eingegangen, wenn sie mehr als 96 Stunden nach dem Absenden durch die Post eingegangen ist.<\/li>\n<li>Diese Vereinbarung (einschlie\u00dflich aller Hausregeln oder Reservierungsrichtlinien) dr\u00fcckt alles aus, was zwischen den Parteien vereinbart wurde, und gibt es wieder, und hebt s\u00e4mtliche Vereinbarungen und\/oder andere Absprachen zwischen ihnen auf.<\/li>\n<\/ul>\t\t\t\t\t\t\t\t<\/div>\n\t\t\t\t<\/div>\n\t\t\t\t\t<\/div>\n\t\t<\/div>\n\t\t\t\t\t<\/div>\n\t\t<\/section>\n\t\t\t\t<\/div>","protected":false},"excerpt":{"rendered":"<p>Terms and Conditions Accommodation Terms &#038; Conditions The Guest agrees to abide by all rules and regulations set forth by local laws. The Guest shall behave in a respectful manner and shall be good neighbors respecting the rights of the surrounding property owners. Creating a disturbance of the above nature shall be grounds for immediate [&hellip;]<\/p>\n","protected":false},"author":2,"featured_media":0,"parent":0,"menu_order":0,"comment_status":"closed","ping_status":"closed","template":"","meta":{"_acf_changed":false,"footnotes":""},"class_list":["post-198303","page","type-page","status-publish","hentry"],"acf":[],"_links":{"self":[{"href":"https:\/\/luxhouses-experience.com\/de\/wp-json\/wp\/v2\/pages\/198303","targetHints":{"allow":["GET"]}}],"collection":[{"href":"https:\/\/luxhouses-experience.com\/de\/wp-json\/wp\/v2\/pages"}],"about":[{"href":"https:\/\/luxhouses-experience.com\/de\/wp-json\/wp\/v2\/types\/page"}],"author":[{"embeddable":true,"href":"https:\/\/luxhouses-experience.com\/de\/wp-json\/wp\/v2\/users\/2"}],"replies":[{"embeddable":true,"href":"https:\/\/luxhouses-experience.com\/de\/wp-json\/wp\/v2\/comments?post=198303"}],"version-history":[{"count":6,"href":"https:\/\/luxhouses-experience.com\/de\/wp-json\/wp\/v2\/pages\/198303\/revisions"}],"predecessor-version":[{"id":198321,"href":"https:\/\/luxhouses-experience.com\/de\/wp-json\/wp\/v2\/pages\/198303\/revisions\/198321"}],"wp:attachment":[{"href":"https:\/\/luxhouses-experience.com\/de\/wp-json\/wp\/v2\/media?parent=198303"}],"curies":[{"name":"wp","href":"https:\/\/api.w.org\/{rel}","templated":true}]}}